{"id":14102,"date":"2021-10-13T14:27:17","date_gmt":"2021-10-13T12:27:17","guid":{"rendered":"https:\/\/tanglekunst.de\/my-account\/"},"modified":"2024-08-26T17:13:13","modified_gmt":"2024-08-26T15:13:13","slug":"my-account","status":"publish","type":"page","link":"https:\/\/tanglekunst.de\/en\/my-account\/","title":{"rendered":"My Account"},"content":{"rendered":"\t\t<div data-elementor-type=\"wp-page\" data-elementor-id=\"14102\" class=\"elementor elementor-14102 elementor-13818\" data-elementor-post-type=\"page\">\n\t\t\t\t<div class=\"elementor-element elementor-element-3c77a867 e-flex e-con-boxed e-con e-parent\" data-id=\"3c77a867\" data-element_type=\"container\" data-e-type=\"container\">\n\t\t\t\t\t<div class=\"e-con-inner\">\n\t\t\t\t<div class=\"elementor-element elementor-element-4206cad e-my-account-tabs-horizontal elementor-widget elementor-widget-woocommerce-my-account\" data-id=\"4206cad\" data-element_type=\"widget\" data-e-type=\"widget\" data-settings=\"{&quot;customize_dashboard_check&quot;:&quot;yes&quot;}\" data-widget_type=\"woocommerce-my-account.default\">\n\t\t\t\t<div class=\"elementor-widget-container\">\n\t\t\t\t\t<div class=\"e-my-account-tab e-my-account-tab__ \">\t\t\t<div class=\"woocommerce\"><\/div>\t\t<\/div>\n\t\t\t\t\t\t<\/div>\n\t\t\t\t<\/div>\n\t\t\t\t\t<\/div>\n\t\t\t\t<\/div>\n\t\t\t\t<\/div>\n\t\t","protected":false},"excerpt":{"rendered":"<p>Dashboard Order Downloads Address Account details Logout Dashboard Order Downloads Address Account details Logout Hallo Katharina K\u00f6nigsbauer (nicht Katharina K\u00f6nigsbauer? Abmelden) In deiner Konto-\u00dcbersicht kannst du deine letzten Bestellungen ansehen, deine Liefer- und Rechnungsadresse verwalten und dein Passwort und die Kontodetails bearbeiten.<\/p>\n","protected":false},"author":1,"featured_media":0,"parent":0,"menu_order":0,"comment_status":"closed","ping_status":"closed","template":"","meta":{"_acf_changed":false,"_monsterinsights_skip_tracking":false,"_monsterinsights_sitenote_active":false,"_monsterinsights_sitenote_note":"","_monsterinsights_sitenote_category":0,"footnotes":""},"class_list":["post-14102","page","type-page","status-publish","hentry"],"acf":[],"yoast_head":"<!-- This site is optimized with the Yoast SEO plugin v27.4 - https:\/\/yoast.com\/product\/yoast-seo-wordpress\/ -->\n<title>My Account - Tanglekunst<\/title>\n<meta name=\"robots\" content=\"index, follow, max-snippet:-1, max-image-preview:large, max-video-preview:-1\" \/>\n<link rel=\"canonical\" href=\"https:\/\/tanglekunst.de\/mein-konto\/\" \/>\n<meta property=\"og:locale\" content=\"en_US\" \/>\n<meta property=\"og:type\" content=\"article\" \/>\n<meta property=\"og:title\" content=\"My Account - Tanglekunst\" \/>\n<meta property=\"og:description\" content=\"Dashboard Order Downloads Address Account details Logout Dashboard Order Downloads Address Account details Logout Hallo Katharina K\u00f6nigsbauer (nicht Katharina K\u00f6nigsbauer? Abmelden) In deiner Konto-\u00dcbersicht kannst du deine letzten Bestellungen ansehen, deine Liefer- und Rechnungsadresse verwalten und dein Passwort und die Kontodetails bearbeiten.\" \/>\n<meta property=\"og:url\" content=\"https:\/\/tanglekunst.de\/mein-konto\/\" \/>\n<meta property=\"og:site_name\" content=\"Tanglekunst\" \/>\n<meta property=\"article:publisher\" content=\"https:\/\/www.facebook.com\/Tanglekunst.de\/\" \/>\n<meta property=\"article:modified_time\" content=\"2024-08-26T15:13:13+00:00\" \/>\n<meta name=\"twitter:card\" content=\"summary_large_image\" \/>\n<script type=\"application\/ld+json\" class=\"yoast-schema-graph\">{\"@context\":\"https:\\\/\\\/schema.org\",\"@graph\":[{\"@type\":\"WebPage\",\"@id\":\"https:\\\/\\\/tanglekunst.de\\\/mein-konto\\\/\",\"url\":\"https:\\\/\\\/tanglekunst.de\\\/mein-konto\\\/\",\"name\":\"My Account - Tanglekunst\",\"isPartOf\":{\"@id\":\"https:\\\/\\\/tanglekunst.de\\\/#website\"},\"datePublished\":\"2021-10-13T12:27:17+00:00\",\"dateModified\":\"2024-08-26T15:13:13+00:00\",\"breadcrumb\":{\"@id\":\"https:\\\/\\\/tanglekunst.de\\\/mein-konto\\\/#breadcrumb\"},\"inLanguage\":\"en-US\",\"potentialAction\":[{\"@type\":\"ReadAction\",\"target\":[\"https:\\\/\\\/tanglekunst.de\\\/mein-konto\\\/\"]}]},{\"@type\":\"BreadcrumbList\",\"@id\":\"https:\\\/\\\/tanglekunst.de\\\/mein-konto\\\/#breadcrumb\",\"itemListElement\":[{\"@type\":\"ListItem\",\"position\":1,\"name\":\"Startseite\",\"item\":\"https:\\\/\\\/tanglekunst.de\\\/en\\\/\"},{\"@type\":\"ListItem\",\"position\":2,\"name\":\"My Account\"}]},{\"@type\":\"WebSite\",\"@id\":\"https:\\\/\\\/tanglekunst.de\\\/#website\",\"url\":\"https:\\\/\\\/tanglekunst.de\\\/\",\"name\":\"Tanglekunst\",\"description\":\"Onlinestore for Zentangle Supplies\",\"publisher\":{\"@id\":\"https:\\\/\\\/tanglekunst.de\\\/#organization\"},\"potentialAction\":[{\"@type\":\"SearchAction\",\"target\":{\"@type\":\"EntryPoint\",\"urlTemplate\":\"https:\\\/\\\/tanglekunst.de\\\/?s={search_term_string}\"},\"query-input\":{\"@type\":\"PropertyValueSpecification\",\"valueRequired\":true,\"valueName\":\"search_term_string\"}}],\"inLanguage\":\"en-US\"},{\"@type\":\"Organization\",\"@id\":\"https:\\\/\\\/tanglekunst.de\\\/#organization\",\"name\":\"Tanglekunst\",\"url\":\"https:\\\/\\\/tanglekunst.de\\\/\",\"logo\":{\"@type\":\"ImageObject\",\"inLanguage\":\"en-US\",\"@id\":\"https:\\\/\\\/tanglekunst.de\\\/#\\\/schema\\\/logo\\\/image\\\/\",\"url\":\"https:\\\/\\\/tanglekunst.de\\\/wp-content\\\/uploads\\\/2024\\\/06\\\/Logo-TK-mit-Shop.png\",\"contentUrl\":\"https:\\\/\\\/tanglekunst.de\\\/wp-content\\\/uploads\\\/2024\\\/06\\\/Logo-TK-mit-Shop.png\",\"width\":640,\"height\":315,\"caption\":\"Tanglekunst\"},\"image\":{\"@id\":\"https:\\\/\\\/tanglekunst.de\\\/#\\\/schema\\\/logo\\\/image\\\/\"},\"sameAs\":[\"https:\\\/\\\/www.facebook.com\\\/Tanglekunst.de\\\/\",\"https:\\\/\\\/www.instagram.com\\\/tanglekunst\\\/\",\"https:\\\/\\\/www.pinterest.de\\\/tanglekunst\\\/\"]}]}<\/script>\n<!-- \/ Yoast SEO plugin. -->","yoast_head_json":{"title":"My Account - Tanglekunst","robots":{"index":"index","follow":"follow","max-snippet":"max-snippet:-1","max-image-preview":"max-image-preview:large","max-video-preview":"max-video-preview:-1"},"canonical":"https:\/\/tanglekunst.de\/mein-konto\/","og_locale":"en_US","og_type":"article","og_title":"My Account - Tanglekunst","og_description":"Dashboard Order Downloads Address Account details Logout Dashboard Order Downloads Address Account details Logout Hallo Katharina K\u00f6nigsbauer (nicht Katharina K\u00f6nigsbauer? Abmelden) In deiner Konto-\u00dcbersicht kannst du deine letzten Bestellungen ansehen, deine Liefer- und Rechnungsadresse verwalten und dein Passwort und die Kontodetails bearbeiten.","og_url":"https:\/\/tanglekunst.de\/mein-konto\/","og_site_name":"Tanglekunst","article_publisher":"https:\/\/www.facebook.com\/Tanglekunst.de\/","article_modified_time":"2024-08-26T15:13:13+00:00","twitter_card":"summary_large_image","schema":{"@context":"https:\/\/schema.org","@graph":[{"@type":"WebPage","@id":"https:\/\/tanglekunst.de\/mein-konto\/","url":"https:\/\/tanglekunst.de\/mein-konto\/","name":"My Account - Tanglekunst","isPartOf":{"@id":"https:\/\/tanglekunst.de\/#website"},"datePublished":"2021-10-13T12:27:17+00:00","dateModified":"2024-08-26T15:13:13+00:00","breadcrumb":{"@id":"https:\/\/tanglekunst.de\/mein-konto\/#breadcrumb"},"inLanguage":"en-US","potentialAction":[{"@type":"ReadAction","target":["https:\/\/tanglekunst.de\/mein-konto\/"]}]},{"@type":"BreadcrumbList","@id":"https:\/\/tanglekunst.de\/mein-konto\/#breadcrumb","itemListElement":[{"@type":"ListItem","position":1,"name":"Startseite","item":"https:\/\/tanglekunst.de\/en\/"},{"@type":"ListItem","position":2,"name":"My Account"}]},{"@type":"WebSite","@id":"https:\/\/tanglekunst.de\/#website","url":"https:\/\/tanglekunst.de\/","name":"Tanglekunst","description":"Onlinestore for Zentangle Supplies","publisher":{"@id":"https:\/\/tanglekunst.de\/#organization"},"potentialAction":[{"@type":"SearchAction","target":{"@type":"EntryPoint","urlTemplate":"https:\/\/tanglekunst.de\/?s={search_term_string}"},"query-input":{"@type":"PropertyValueSpecification","valueRequired":true,"valueName":"search_term_string"}}],"inLanguage":"en-US"},{"@type":"Organization","@id":"https:\/\/tanglekunst.de\/#organization","name":"Tanglekunst","url":"https:\/\/tanglekunst.de\/","logo":{"@type":"ImageObject","inLanguage":"en-US","@id":"https:\/\/tanglekunst.de\/#\/schema\/logo\/image\/","url":"https:\/\/tanglekunst.de\/wp-content\/uploads\/2024\/06\/Logo-TK-mit-Shop.png","contentUrl":"https:\/\/tanglekunst.de\/wp-content\/uploads\/2024\/06\/Logo-TK-mit-Shop.png","width":640,"height":315,"caption":"Tanglekunst"},"image":{"@id":"https:\/\/tanglekunst.de\/#\/schema\/logo\/image\/"},"sameAs":["https:\/\/www.facebook.com\/Tanglekunst.de\/","https:\/\/www.instagram.com\/tanglekunst\/","https:\/\/www.pinterest.de\/tanglekunst\/"]}]}},"_links":{"self":[{"href":"https:\/\/tanglekunst.de\/en\/wp-json\/wp\/v2\/pages\/14102","targetHints":{"allow":["GET"]}}],"collection":[{"href":"https:\/\/tanglekunst.de\/en\/wp-json\/wp\/v2\/pages"}],"about":[{"href":"https:\/\/tanglekunst.de\/en\/wp-json\/wp\/v2\/types\/page"}],"author":[{"embeddable":true,"href":"https:\/\/tanglekunst.de\/en\/wp-json\/wp\/v2\/users\/1"}],"replies":[{"embeddable":true,"href":"https:\/\/tanglekunst.de\/en\/wp-json\/wp\/v2\/comments?post=14102"}],"version-history":[{"count":0,"href":"https:\/\/tanglekunst.de\/en\/wp-json\/wp\/v2\/pages\/14102\/revisions"}],"wp:attachment":[{"href":"https:\/\/tanglekunst.de\/en\/wp-json\/wp\/v2\/media?parent=14102"}],"curies":[{"name":"wp","href":"https:\/\/api.w.org\/{rel}","templated":true}]}}