{"id":15306,"date":"2022-01-29T12:56:37","date_gmt":"2022-01-29T11:56:37","guid":{"rendered":"https:\/\/tanglekunst.de\/shipping-to-the-united-kingdom\/"},"modified":"2022-01-31T14:36:33","modified_gmt":"2022-01-31T13:36:33","slug":"shipping-to-the-united-kingdom","status":"publish","type":"page","link":"https:\/\/tanglekunst.de\/en\/shipping-to-the-united-kingdom\/","title":{"rendered":"Shipping to the United Kingdom"},"content":{"rendered":"\n<p>To our valued customers in the United Kingdom,<\/p>\n\n<p>Because of the BREXIT VAT regulations, we currently can only fulfill orders shipping to the UK if the product value totals at least 200 \u20ac net. Shipping is free from this order value. <\/p>\n\n<p>When you place your order, you only pay the net product price, excluding taxes and duties. Also, please understand that once we ship your order, you are responsible for any additional duties, fees, or taxes, that your government may impose on you. These regulations change so fast and are applied so inconsistently that we are unable to provide an estimate. Please contact your local government regarding any duties, fees or taxes.<\/p>\n\n<p>As a small company, we are doing our best to navigate the ever-changing global regulatory environment. We are currently unable to deliver below this order value, as otherwise we would have to settle the taxes in the shop and register our company in the UK and pay the tax. This bureaucratic hurdle is not feasible for us as a small shop. <\/p>\n\n<p>Nochmals vielen Dank f\u00fcr deine Unterst\u00fctzung und f\u00fcr dein Verst\u00e4ndnis. <\/p>\n\n<p><\/p>\n","protected":false},"excerpt":{"rendered":"<p>To our valued customers in the United Kingdom, Because of the BREXIT VAT regulations, we currently can only fulfill orders shipping to the UK if the product value totals at least 200 \u20ac net. Shipping is free from this order value. When you place your order, you only pay the net product price, excluding taxes [&hellip;]<\/p>\n","protected":false},"author":2,"featured_media":0,"parent":0,"menu_order":0,"comment_status":"closed","ping_status":"closed","template":"","meta":{"_acf_changed":false,"_monsterinsights_skip_tracking":false,"_monsterinsights_sitenote_active":false,"_monsterinsights_sitenote_note":"","_monsterinsights_sitenote_category":0,"footnotes":""},"class_list":["post-15306","page","type-page","status-publish","hentry"],"acf":[],"yoast_head":"<!-- This site is optimized with the Yoast SEO plugin v27.4 - https:\/\/yoast.com\/product\/yoast-seo-wordpress\/ -->\n<title>Shipping to the United Kingdom - Tanglekunst<\/title>\n<meta name=\"robots\" content=\"index, follow, max-snippet:-1, max-image-preview:large, max-video-preview:-1\" \/>\n<link rel=\"canonical\" href=\"https:\/\/tanglekunst.de\/en\/shipping-to-the-united-kingdom\/\" \/>\n<meta property=\"og:locale\" content=\"en_US\" \/>\n<meta property=\"og:type\" content=\"article\" \/>\n<meta property=\"og:title\" content=\"Shipping to the United Kingdom - Tanglekunst\" \/>\n<meta property=\"og:description\" content=\"To our valued customers in the United Kingdom, Because of the BREXIT VAT regulations, we currently can only fulfill orders shipping to the UK if the product value totals at least 200 \u20ac net. Shipping is free from this order value. When you place your order, you only pay the net product price, excluding taxes [&hellip;]\" \/>\n<meta property=\"og:url\" content=\"https:\/\/tanglekunst.de\/en\/shipping-to-the-united-kingdom\/\" \/>\n<meta property=\"og:site_name\" content=\"Tanglekunst\" \/>\n<meta property=\"article:publisher\" content=\"https:\/\/www.facebook.com\/Tanglekunst.de\/\" \/>\n<meta property=\"article:modified_time\" content=\"2022-01-31T13:36:33+00:00\" \/>\n<meta name=\"twitter:card\" content=\"summary_large_image\" \/>\n<meta name=\"twitter:label1\" content=\"Est. reading time\" \/>\n\t<meta name=\"twitter:data1\" content=\"1 minute\" \/>\n<script type=\"application\/ld+json\" class=\"yoast-schema-graph\">{\"@context\":\"https:\\\/\\\/schema.org\",\"@graph\":[{\"@type\":\"WebPage\",\"@id\":\"https:\\\/\\\/tanglekunst.de\\\/en\\\/shipping-to-the-united-kingdom\\\/\",\"url\":\"https:\\\/\\\/tanglekunst.de\\\/en\\\/shipping-to-the-united-kingdom\\\/\",\"name\":\"Shipping to the United Kingdom - Tanglekunst\",\"isPartOf\":{\"@id\":\"https:\\\/\\\/tanglekunst.de\\\/#website\"},\"datePublished\":\"2022-01-29T11:56:37+00:00\",\"dateModified\":\"2022-01-31T13:36:33+00:00\",\"breadcrumb\":{\"@id\":\"https:\\\/\\\/tanglekunst.de\\\/en\\\/shipping-to-the-united-kingdom\\\/#breadcrumb\"},\"inLanguage\":\"en-US\",\"potentialAction\":[{\"@type\":\"ReadAction\",\"target\":[\"https:\\\/\\\/tanglekunst.de\\\/en\\\/shipping-to-the-united-kingdom\\\/\"]}]},{\"@type\":\"BreadcrumbList\",\"@id\":\"https:\\\/\\\/tanglekunst.de\\\/en\\\/shipping-to-the-united-kingdom\\\/#breadcrumb\",\"itemListElement\":[{\"@type\":\"ListItem\",\"position\":1,\"name\":\"Startseite\",\"item\":\"https:\\\/\\\/tanglekunst.de\\\/en\\\/\"},{\"@type\":\"ListItem\",\"position\":2,\"name\":\"Shipping to the United Kingdom\"}]},{\"@type\":\"WebSite\",\"@id\":\"https:\\\/\\\/tanglekunst.de\\\/#website\",\"url\":\"https:\\\/\\\/tanglekunst.de\\\/\",\"name\":\"Tanglekunst\",\"description\":\"Onlinestore for Zentangle Supplies\",\"publisher\":{\"@id\":\"https:\\\/\\\/tanglekunst.de\\\/#organization\"},\"potentialAction\":[{\"@type\":\"SearchAction\",\"target\":{\"@type\":\"EntryPoint\",\"urlTemplate\":\"https:\\\/\\\/tanglekunst.de\\\/?s={search_term_string}\"},\"query-input\":{\"@type\":\"PropertyValueSpecification\",\"valueRequired\":true,\"valueName\":\"search_term_string\"}}],\"inLanguage\":\"en-US\"},{\"@type\":\"Organization\",\"@id\":\"https:\\\/\\\/tanglekunst.de\\\/#organization\",\"name\":\"Tanglekunst\",\"url\":\"https:\\\/\\\/tanglekunst.de\\\/\",\"logo\":{\"@type\":\"ImageObject\",\"inLanguage\":\"en-US\",\"@id\":\"https:\\\/\\\/tanglekunst.de\\\/#\\\/schema\\\/logo\\\/image\\\/\",\"url\":\"https:\\\/\\\/tanglekunst.de\\\/wp-content\\\/uploads\\\/2024\\\/06\\\/Logo-TK-mit-Shop.png\",\"contentUrl\":\"https:\\\/\\\/tanglekunst.de\\\/wp-content\\\/uploads\\\/2024\\\/06\\\/Logo-TK-mit-Shop.png\",\"width\":640,\"height\":315,\"caption\":\"Tanglekunst\"},\"image\":{\"@id\":\"https:\\\/\\\/tanglekunst.de\\\/#\\\/schema\\\/logo\\\/image\\\/\"},\"sameAs\":[\"https:\\\/\\\/www.facebook.com\\\/Tanglekunst.de\\\/\",\"https:\\\/\\\/www.instagram.com\\\/tanglekunst\\\/\",\"https:\\\/\\\/www.pinterest.de\\\/tanglekunst\\\/\"]}]}<\/script>\n<!-- \/ Yoast SEO plugin. -->","yoast_head_json":{"title":"Shipping to the United Kingdom - Tanglekunst","robots":{"index":"index","follow":"follow","max-snippet":"max-snippet:-1","max-image-preview":"max-image-preview:large","max-video-preview":"max-video-preview:-1"},"canonical":"https:\/\/tanglekunst.de\/en\/shipping-to-the-united-kingdom\/","og_locale":"en_US","og_type":"article","og_title":"Shipping to the United Kingdom - Tanglekunst","og_description":"To our valued customers in the United Kingdom, Because of the BREXIT VAT regulations, we currently can only fulfill orders shipping to the UK if the product value totals at least 200 \u20ac net. Shipping is free from this order value. When you place your order, you only pay the net product price, excluding taxes [&hellip;]","og_url":"https:\/\/tanglekunst.de\/en\/shipping-to-the-united-kingdom\/","og_site_name":"Tanglekunst","article_publisher":"https:\/\/www.facebook.com\/Tanglekunst.de\/","article_modified_time":"2022-01-31T13:36:33+00:00","twitter_card":"summary_large_image","twitter_misc":{"Est. reading time":"1 minute"},"schema":{"@context":"https:\/\/schema.org","@graph":[{"@type":"WebPage","@id":"https:\/\/tanglekunst.de\/en\/shipping-to-the-united-kingdom\/","url":"https:\/\/tanglekunst.de\/en\/shipping-to-the-united-kingdom\/","name":"Shipping to the United Kingdom - Tanglekunst","isPartOf":{"@id":"https:\/\/tanglekunst.de\/#website"},"datePublished":"2022-01-29T11:56:37+00:00","dateModified":"2022-01-31T13:36:33+00:00","breadcrumb":{"@id":"https:\/\/tanglekunst.de\/en\/shipping-to-the-united-kingdom\/#breadcrumb"},"inLanguage":"en-US","potentialAction":[{"@type":"ReadAction","target":["https:\/\/tanglekunst.de\/en\/shipping-to-the-united-kingdom\/"]}]},{"@type":"BreadcrumbList","@id":"https:\/\/tanglekunst.de\/en\/shipping-to-the-united-kingdom\/#breadcrumb","itemListElement":[{"@type":"ListItem","position":1,"name":"Startseite","item":"https:\/\/tanglekunst.de\/en\/"},{"@type":"ListItem","position":2,"name":"Shipping to the United Kingdom"}]},{"@type":"WebSite","@id":"https:\/\/tanglekunst.de\/#website","url":"https:\/\/tanglekunst.de\/","name":"Tanglekunst","description":"Onlinestore for Zentangle Supplies","publisher":{"@id":"https:\/\/tanglekunst.de\/#organization"},"potentialAction":[{"@type":"SearchAction","target":{"@type":"EntryPoint","urlTemplate":"https:\/\/tanglekunst.de\/?s={search_term_string}"},"query-input":{"@type":"PropertyValueSpecification","valueRequired":true,"valueName":"search_term_string"}}],"inLanguage":"en-US"},{"@type":"Organization","@id":"https:\/\/tanglekunst.de\/#organization","name":"Tanglekunst","url":"https:\/\/tanglekunst.de\/","logo":{"@type":"ImageObject","inLanguage":"en-US","@id":"https:\/\/tanglekunst.de\/#\/schema\/logo\/image\/","url":"https:\/\/tanglekunst.de\/wp-content\/uploads\/2024\/06\/Logo-TK-mit-Shop.png","contentUrl":"https:\/\/tanglekunst.de\/wp-content\/uploads\/2024\/06\/Logo-TK-mit-Shop.png","width":640,"height":315,"caption":"Tanglekunst"},"image":{"@id":"https:\/\/tanglekunst.de\/#\/schema\/logo\/image\/"},"sameAs":["https:\/\/www.facebook.com\/Tanglekunst.de\/","https:\/\/www.instagram.com\/tanglekunst\/","https:\/\/www.pinterest.de\/tanglekunst\/"]}]}},"_links":{"self":[{"href":"https:\/\/tanglekunst.de\/en\/wp-json\/wp\/v2\/pages\/15306","targetHints":{"allow":["GET"]}}],"collection":[{"href":"https:\/\/tanglekunst.de\/en\/wp-json\/wp\/v2\/pages"}],"about":[{"href":"https:\/\/tanglekunst.de\/en\/wp-json\/wp\/v2\/types\/page"}],"author":[{"embeddable":true,"href":"https:\/\/tanglekunst.de\/en\/wp-json\/wp\/v2\/users\/2"}],"replies":[{"embeddable":true,"href":"https:\/\/tanglekunst.de\/en\/wp-json\/wp\/v2\/comments?post=15306"}],"version-history":[{"count":0,"href":"https:\/\/tanglekunst.de\/en\/wp-json\/wp\/v2\/pages\/15306\/revisions"}],"wp:attachment":[{"href":"https:\/\/tanglekunst.de\/en\/wp-json\/wp\/v2\/media?parent=15306"}],"curies":[{"name":"wp","href":"https:\/\/api.w.org\/{rel}","templated":true}]}}