{"id":24958,"date":"2025-05-21T14:20:19","date_gmt":"2025-05-21T12:24:19","guid":{"rendered":"https:\/\/tanglekunst.de\/shop\/entspannung-mit-stift-und-papier-book-in-german\/"},"modified":"2025-09-14T18:04:23","modified_gmt":"2025-09-14T16:04:23","slug":"entspannung-mit-stift-und-papier-book-in-german","status":"publish","type":"product","link":"https:\/\/tanglekunst.de\/en\/shop\/entspannung-mit-stift-und-papier-book-in-german\/","title":{"rendered":"Entspannung mit Stift und Papier \u2013 Book in German"},"content":{"rendered":"<p>Ein sch\u00f6nes Gedicht, ein anregender Text und anschlie\u00dfend mit Zeichnen loslassen\u2026 . Mit diesem Buch gelingt dies ganz einfach. \u201cEntpannung mit Stift und Papier\u201d verbindet meditatives Zeichnen mit anregenden Texten. Beides erg\u00e4nzt sich wunderbar: Der Geist wir durch die Texte geweckt, zum Nachdenken angeregt, und beim Zeichnen l\u00e4sst man wieder los und entspannt. Texte und zeichnerische Anregungen sind zu spannenen \u00dcbungseinheiten kombiniert, die Du alleine oder in einer Gruppe machen kannst.    <\/p>\n<p>Von der Material\u00fcbersicht, \u00fcber die 8-Schritte-Methode, deren Wirkungsweise und zeichnerische Besonderheiten, f\u00fchren die Autorinnen Schritt f\u00fcr Schritt in die Zentangle\u00ae-Methode ein. Zus\u00e4tzlich hast Du die Wahl unter 20 Anleitungen zu Tanglemustern. W\u00e4hrend die klassische Zen-Zeichnung in schwarz-wei\u00df gehalten wird, findest Du erg\u00e4nzend dazu Vorschl\u00e4ge f\u00fcr das farbige Gestalten von Zeichnungen. <\/p>\n<p>Der Hauptteil des Buches besteht aus sorgsam ausgew\u00e4hlten Gedichten und Texten. Vielseitige Themengebiete, wie zum Beispiel \u201cAn Hindernissen wachsen\u201d, \u201cMiteinander\u201d oder \u201cGenerationen\u201d beleuchten ein Thema in seinen unterschiedlichen Facetten und tragen eine positive Grundstimmung. Die Texte f\u00fchren zu mehr Achtsamkeit und unterst\u00fctzen die meditative Stimmung. Jedes Thema ist begleitet von einfachen zeichnerischen Anregungen, die f\u00fcr jeden machbar sind, vom Jugendlichen bis hin zum Senior.   <\/p>\n<p>Von der klassischen Zentangle\u00ae-Zeichnung bis hin zu inspirierenen Eigenkreationen deckt dieses Buch ein weites Spektrum an einfachen zeichnerischen M\u00f6glichkeiten ab: sei es, dass man sich intensiver mit einem Muster und seinen speziellen Eigenarten besch\u00e4ftigt, oder dass man Grafiken findet, die mit Mustern gef\u00fcllt werden k\u00f6nnen.<\/p>\n<p>Titel: Entspannung mit Stift und Papier<br \/>\nAutorin: Katharina K\u00f6nigsbauer-Kolb und Anna Elisabeth Weichert<br \/>\nVerlag: verlag modernes lernen<br \/>\nErscheinungsdatum: Januar 2018<br \/>\nISBN-13: 978-3-8080-0825-6<br \/>\nGr\u00f6\u00dfe: 16 x 23 cm<br \/>\nKlappenbroschur: 104 Seiten<\/p>\n","protected":false},"excerpt":{"rendered":"<p>By Katharina K\u00f6nigsbauer and Anna Elisabeth Weichert<\/p>\n","protected":false},"featured_media":24956,"comment_status":"open","ping_status":"closed","template":"","meta":{"_acf_changed":false,"_monsterinsights_skip_tracking":false,"_monsterinsights_sitenote_active":false,"_monsterinsights_sitenote_note":"","_monsterinsights_sitenote_category":0},"product_brand":[],"product_cat":[647],"product_tag":[],"class_list":{"0":"post-24958","1":"product","2":"type-product","3":"status-publish","4":"has-post-thumbnail","6":"product_cat-books","8":"first","9":"instock","10":"taxable","11":"shipping-taxable","12":"purchasable","13":"product-type-simple"},"bundled_by":[],"bundle_stock_status":"instock","bundle_stock_quantity":3,"bundle_virtual":false,"bundle_layout":"","bundle_add_to_cart_form_location":"","bundle_editable_in_cart":false,"bundle_sold_individually_context":"","bundle_item_grouping":"","bundle_min_size":"","bundle_max_size":"","bundle_price":[],"bundled_items":[],"bundle_sell_ids":[],"acf":[],"yoast_head":"<!-- This site is optimized with the Yoast SEO plugin v27.4 - https:\/\/yoast.com\/product\/yoast-seo-wordpress\/ -->\n<title>Entspannung mit Stift und Papier \u2013 Book in German - Tanglekunst<\/title>\n<meta name=\"description\" content=\"By Katharina K\u00f6nigsbauer and Anna Elisabeth Weichert.\" \/>\n<meta name=\"robots\" content=\"index, follow, max-snippet:-1, max-image-preview:large, max-video-preview:-1\" \/>\n<link rel=\"canonical\" href=\"https:\/\/tanglekunst.de\/en\/shop\/entspannung-mit-stift-und-papier-book-in-german\/\" \/>\n<meta property=\"og:locale\" content=\"en_US\" \/>\n<meta property=\"og:type\" content=\"article\" \/>\n<meta property=\"og:title\" content=\"Entspannung mit Stift und Papier \u2013 Book in German - Tanglekunst\" \/>\n<meta property=\"og:description\" content=\"By Katharina K\u00f6nigsbauer and Anna Elisabeth Weichert.\" \/>\n<meta property=\"og:url\" content=\"https:\/\/tanglekunst.de\/en\/shop\/entspannung-mit-stift-und-papier-book-in-german\/\" \/>\n<meta property=\"og:site_name\" content=\"Tanglekunst\" \/>\n<meta property=\"article:publisher\" content=\"https:\/\/www.facebook.com\/Tanglekunst.de\/\" \/>\n<meta property=\"article:modified_time\" content=\"2025-09-14T16:04:23+00:00\" \/>\n<meta property=\"og:image\" content=\"https:\/\/tanglekunst.de\/wp-content\/uploads\/2025\/05\/buch_vml-1.jpeg\" \/>\n\t<meta property=\"og:image:width\" content=\"1000\" \/>\n\t<meta property=\"og:image:height\" content=\"1000\" \/>\n\t<meta property=\"og:image:type\" content=\"image\/jpeg\" \/>\n<meta name=\"twitter:card\" content=\"summary_large_image\" \/>\n<meta name=\"twitter:label1\" content=\"Est. reading time\" \/>\n\t<meta name=\"twitter:data1\" content=\"1 minute\" \/>\n<script type=\"application\/ld+json\" class=\"yoast-schema-graph\">{\"@context\":\"https:\\\/\\\/schema.org\",\"@graph\":[{\"@type\":\"WebPage\",\"@id\":\"https:\\\/\\\/tanglekunst.de\\\/en\\\/shop\\\/entspannung-mit-stift-und-papier-book-in-german\\\/\",\"url\":\"https:\\\/\\\/tanglekunst.de\\\/en\\\/shop\\\/entspannung-mit-stift-und-papier-book-in-german\\\/\",\"name\":\"Entspannung mit Stift und Papier \u2013 Book in German - Tanglekunst\",\"isPartOf\":{\"@id\":\"https:\\\/\\\/tanglekunst.de\\\/#website\"},\"primaryImageOfPage\":{\"@id\":\"https:\\\/\\\/tanglekunst.de\\\/en\\\/shop\\\/entspannung-mit-stift-und-papier-book-in-german\\\/#primaryimage\"},\"image\":{\"@id\":\"https:\\\/\\\/tanglekunst.de\\\/en\\\/shop\\\/entspannung-mit-stift-und-papier-book-in-german\\\/#primaryimage\"},\"thumbnailUrl\":\"https:\\\/\\\/tanglekunst.de\\\/wp-content\\\/uploads\\\/2025\\\/05\\\/buch_vml-1.jpeg\",\"datePublished\":\"2025-05-21T12:24:19+00:00\",\"dateModified\":\"2025-09-14T16:04:23+00:00\",\"description\":\"By Katharina K\u00f6nigsbauer and Anna Elisabeth Weichert.\",\"breadcrumb\":{\"@id\":\"https:\\\/\\\/tanglekunst.de\\\/en\\\/shop\\\/entspannung-mit-stift-und-papier-book-in-german\\\/#breadcrumb\"},\"inLanguage\":\"en-US\",\"potentialAction\":[{\"@type\":\"ReadAction\",\"target\":[\"https:\\\/\\\/tanglekunst.de\\\/en\\\/shop\\\/entspannung-mit-stift-und-papier-book-in-german\\\/\"]}]},{\"@type\":\"ImageObject\",\"inLanguage\":\"en-US\",\"@id\":\"https:\\\/\\\/tanglekunst.de\\\/en\\\/shop\\\/entspannung-mit-stift-und-papier-book-in-german\\\/#primaryimage\",\"url\":\"https:\\\/\\\/tanglekunst.de\\\/wp-content\\\/uploads\\\/2025\\\/05\\\/buch_vml-1.jpeg\",\"contentUrl\":\"https:\\\/\\\/tanglekunst.de\\\/wp-content\\\/uploads\\\/2025\\\/05\\\/buch_vml-1.jpeg\",\"width\":1000,\"height\":1000},{\"@type\":\"BreadcrumbList\",\"@id\":\"https:\\\/\\\/tanglekunst.de\\\/en\\\/shop\\\/entspannung-mit-stift-und-papier-book-in-german\\\/#breadcrumb\",\"itemListElement\":[{\"@type\":\"ListItem\",\"position\":1,\"name\":\"Startseite\",\"item\":\"https:\\\/\\\/tanglekunst.de\\\/en\\\/\"},{\"@type\":\"ListItem\",\"position\":2,\"name\":\"Shop\",\"item\":\"https:\\\/\\\/tanglekunst.de\\\/en\\\/shop\\\/\"},{\"@type\":\"ListItem\",\"position\":3,\"name\":\"Entspannung mit Stift und Papier \u2013 Book in German\"}]},{\"@type\":\"WebSite\",\"@id\":\"https:\\\/\\\/tanglekunst.de\\\/#website\",\"url\":\"https:\\\/\\\/tanglekunst.de\\\/\",\"name\":\"Tanglekunst\",\"description\":\"Onlinestore for Zentangle Supplies\",\"publisher\":{\"@id\":\"https:\\\/\\\/tanglekunst.de\\\/#organization\"},\"potentialAction\":[{\"@type\":\"SearchAction\",\"target\":{\"@type\":\"EntryPoint\",\"urlTemplate\":\"https:\\\/\\\/tanglekunst.de\\\/?s={search_term_string}\"},\"query-input\":{\"@type\":\"PropertyValueSpecification\",\"valueRequired\":true,\"valueName\":\"search_term_string\"}}],\"inLanguage\":\"en-US\"},{\"@type\":\"Organization\",\"@id\":\"https:\\\/\\\/tanglekunst.de\\\/#organization\",\"name\":\"Tanglekunst\",\"url\":\"https:\\\/\\\/tanglekunst.de\\\/\",\"logo\":{\"@type\":\"ImageObject\",\"inLanguage\":\"en-US\",\"@id\":\"https:\\\/\\\/tanglekunst.de\\\/#\\\/schema\\\/logo\\\/image\\\/\",\"url\":\"https:\\\/\\\/tanglekunst.de\\\/wp-content\\\/uploads\\\/2024\\\/06\\\/Logo-TK-mit-Shop.png\",\"contentUrl\":\"https:\\\/\\\/tanglekunst.de\\\/wp-content\\\/uploads\\\/2024\\\/06\\\/Logo-TK-mit-Shop.png\",\"width\":640,\"height\":315,\"caption\":\"Tanglekunst\"},\"image\":{\"@id\":\"https:\\\/\\\/tanglekunst.de\\\/#\\\/schema\\\/logo\\\/image\\\/\"},\"sameAs\":[\"https:\\\/\\\/www.facebook.com\\\/Tanglekunst.de\\\/\",\"https:\\\/\\\/www.instagram.com\\\/tanglekunst\\\/\",\"https:\\\/\\\/www.pinterest.de\\\/tanglekunst\\\/\"]}]}<\/script>\n<!-- \/ Yoast SEO plugin. -->","yoast_head_json":{"title":"Entspannung mit Stift und Papier \u2013 Book in German - Tanglekunst","description":"By Katharina K\u00f6nigsbauer and Anna Elisabeth Weichert.","robots":{"index":"index","follow":"follow","max-snippet":"max-snippet:-1","max-image-preview":"max-image-preview:large","max-video-preview":"max-video-preview:-1"},"canonical":"https:\/\/tanglekunst.de\/en\/shop\/entspannung-mit-stift-und-papier-book-in-german\/","og_locale":"en_US","og_type":"article","og_title":"Entspannung mit Stift und Papier \u2013 Book in German - Tanglekunst","og_description":"By Katharina K\u00f6nigsbauer and Anna Elisabeth Weichert.","og_url":"https:\/\/tanglekunst.de\/en\/shop\/entspannung-mit-stift-und-papier-book-in-german\/","og_site_name":"Tanglekunst","article_publisher":"https:\/\/www.facebook.com\/Tanglekunst.de\/","article_modified_time":"2025-09-14T16:04:23+00:00","og_image":[{"width":1000,"height":1000,"url":"https:\/\/tanglekunst.de\/wp-content\/uploads\/2025\/05\/buch_vml-1.jpeg","type":"image\/jpeg"}],"twitter_card":"summary_large_image","twitter_misc":{"Est. reading time":"1 minute"},"schema":{"@context":"https:\/\/schema.org","@graph":[{"@type":"WebPage","@id":"https:\/\/tanglekunst.de\/en\/shop\/entspannung-mit-stift-und-papier-book-in-german\/","url":"https:\/\/tanglekunst.de\/en\/shop\/entspannung-mit-stift-und-papier-book-in-german\/","name":"Entspannung mit Stift und Papier \u2013 Book in German - Tanglekunst","isPartOf":{"@id":"https:\/\/tanglekunst.de\/#website"},"primaryImageOfPage":{"@id":"https:\/\/tanglekunst.de\/en\/shop\/entspannung-mit-stift-und-papier-book-in-german\/#primaryimage"},"image":{"@id":"https:\/\/tanglekunst.de\/en\/shop\/entspannung-mit-stift-und-papier-book-in-german\/#primaryimage"},"thumbnailUrl":"https:\/\/tanglekunst.de\/wp-content\/uploads\/2025\/05\/buch_vml-1.jpeg","datePublished":"2025-05-21T12:24:19+00:00","dateModified":"2025-09-14T16:04:23+00:00","description":"By Katharina K\u00f6nigsbauer and Anna Elisabeth Weichert.","breadcrumb":{"@id":"https:\/\/tanglekunst.de\/en\/shop\/entspannung-mit-stift-und-papier-book-in-german\/#breadcrumb"},"inLanguage":"en-US","potentialAction":[{"@type":"ReadAction","target":["https:\/\/tanglekunst.de\/en\/shop\/entspannung-mit-stift-und-papier-book-in-german\/"]}]},{"@type":"ImageObject","inLanguage":"en-US","@id":"https:\/\/tanglekunst.de\/en\/shop\/entspannung-mit-stift-und-papier-book-in-german\/#primaryimage","url":"https:\/\/tanglekunst.de\/wp-content\/uploads\/2025\/05\/buch_vml-1.jpeg","contentUrl":"https:\/\/tanglekunst.de\/wp-content\/uploads\/2025\/05\/buch_vml-1.jpeg","width":1000,"height":1000},{"@type":"BreadcrumbList","@id":"https:\/\/tanglekunst.de\/en\/shop\/entspannung-mit-stift-und-papier-book-in-german\/#breadcrumb","itemListElement":[{"@type":"ListItem","position":1,"name":"Startseite","item":"https:\/\/tanglekunst.de\/en\/"},{"@type":"ListItem","position":2,"name":"Shop","item":"https:\/\/tanglekunst.de\/en\/shop\/"},{"@type":"ListItem","position":3,"name":"Entspannung mit Stift und Papier \u2013 Book in German"}]},{"@type":"WebSite","@id":"https:\/\/tanglekunst.de\/#website","url":"https:\/\/tanglekunst.de\/","name":"Tanglekunst","description":"Onlinestore for Zentangle Supplies","publisher":{"@id":"https:\/\/tanglekunst.de\/#organization"},"potentialAction":[{"@type":"SearchAction","target":{"@type":"EntryPoint","urlTemplate":"https:\/\/tanglekunst.de\/?s={search_term_string}"},"query-input":{"@type":"PropertyValueSpecification","valueRequired":true,"valueName":"search_term_string"}}],"inLanguage":"en-US"},{"@type":"Organization","@id":"https:\/\/tanglekunst.de\/#organization","name":"Tanglekunst","url":"https:\/\/tanglekunst.de\/","logo":{"@type":"ImageObject","inLanguage":"en-US","@id":"https:\/\/tanglekunst.de\/#\/schema\/logo\/image\/","url":"https:\/\/tanglekunst.de\/wp-content\/uploads\/2024\/06\/Logo-TK-mit-Shop.png","contentUrl":"https:\/\/tanglekunst.de\/wp-content\/uploads\/2024\/06\/Logo-TK-mit-Shop.png","width":640,"height":315,"caption":"Tanglekunst"},"image":{"@id":"https:\/\/tanglekunst.de\/#\/schema\/logo\/image\/"},"sameAs":["https:\/\/www.facebook.com\/Tanglekunst.de\/","https:\/\/www.instagram.com\/tanglekunst\/","https:\/\/www.pinterest.de\/tanglekunst\/"]}]}},"_links":{"self":[{"href":"https:\/\/tanglekunst.de\/en\/wp-json\/wp\/v2\/product\/24958","targetHints":{"allow":["GET"]}}],"collection":[{"href":"https:\/\/tanglekunst.de\/en\/wp-json\/wp\/v2\/product"}],"about":[{"href":"https:\/\/tanglekunst.de\/en\/wp-json\/wp\/v2\/types\/product"}],"replies":[{"embeddable":true,"href":"https:\/\/tanglekunst.de\/en\/wp-json\/wp\/v2\/comments?post=24958"}],"version-history":[{"count":0,"href":"https:\/\/tanglekunst.de\/en\/wp-json\/wp\/v2\/product\/24958\/revisions"}],"wp:featuredmedia":[{"embeddable":true,"href":"https:\/\/tanglekunst.de\/en\/wp-json\/wp\/v2\/media\/24956"}],"wp:attachment":[{"href":"https:\/\/tanglekunst.de\/en\/wp-json\/wp\/v2\/media?parent=24958"}],"wp:term":[{"taxonomy":"product_brand","embeddable":true,"href":"https:\/\/tanglekunst.de\/en\/wp-json\/wp\/v2\/product_brand?post=24958"},{"taxonomy":"product_cat","embeddable":true,"href":"https:\/\/tanglekunst.de\/en\/wp-json\/wp\/v2\/product_cat?post=24958"},{"taxonomy":"product_tag","embeddable":true,"href":"https:\/\/tanglekunst.de\/en\/wp-json\/wp\/v2\/product_tag?post=24958"}],"curies":[{"name":"wp","href":"https:\/\/api.w.org\/{rel}","templated":true}]}}